{"id":628,"date":"2009-05-06T11:43:24","date_gmt":"2009-05-06T16:43:24","guid":{"rendered":"https:\/\/zeverse.fi\/index.php\/contact\/"},"modified":"2025-08-28T10:57:53","modified_gmt":"2025-08-28T08:57:53","slug":"otayhteytta","status":"publish","type":"page","link":"https:\/\/zeverse.fi\/index.php\/otayhteytta\/","title":{"rendered":"Ota yhteytt\u00e4"},"content":{"rendered":"\t\t<div data-elementor-type=\"wp-page\" data-elementor-id=\"628\" class=\"elementor elementor-628\">\n\t\t\t\t\t\t<section class=\"elementor-section elementor-top-section elementor-element elementor-element-2a950926 elementor-section-boxed elementor-section-height-default elementor-section-height-default\" data-id=\"2a950926\" data-element_type=\"section\">\n\t\t\t\t\t\t<div class=\"elementor-container elementor-column-gap-default\">\n\t\t\t\t\t\t<\/div>\n\t\t<\/section>\n\t\t<div class=\"elementor-element elementor-element-eec82ef e-flex e-con-boxed e-con e-parent\" data-id=\"eec82ef\" data-element_type=\"container\">\n\t\t\t\t\t<div class=\"e-con-inner\">\n\t\t\t\t<div class=\"elementor-element elementor-element-b03a928 elementor-widget elementor-widget-spacer\" data-id=\"b03a928\" data-element_type=\"widget\" data-widget_type=\"spacer.default\">\n\t\t\t\t<div class=\"elementor-widget-container\">\n\t\t\t\t\t\t\t<div class=\"elementor-spacer\">\n\t\t\t<div class=\"elementor-spacer-inner\"><\/div>\n\t\t<\/div>\n\t\t\t\t\t\t<\/div>\n\t\t\t\t<\/div>\n\t\t\t\t\t<\/div>\n\t\t\t\t<\/div>\n\t\t<div class=\"elementor-element elementor-element-601c6ff e-flex e-con-boxed e-con e-parent\" data-id=\"601c6ff\" data-element_type=\"container\">\n\t\t\t\t\t<div class=\"e-con-inner\">\n\t\t\t\t<div class=\"elementor-element elementor-element-f995cfb elementor-widget elementor-widget-heading\" data-id=\"f995cfb\" data-element_type=\"widget\" data-widget_type=\"heading.default\">\n\t\t\t\t<div class=\"elementor-widget-container\">\n\t\t\t\t\t<h2 class=\"elementor-heading-title elementor-size-default\">Ota Yhteytt\u00e4\u200b<\/h2>\t\t\t\t<\/div>\n\t\t\t\t<\/div>\n\t\t\t\t<div class=\"elementor-element elementor-element-f939542 elementor-widget elementor-widget-text-editor\" data-id=\"f939542\" data-element_type=\"widget\" data-widget_type=\"text-editor.default\">\n\t\t\t\t<div class=\"elementor-widget-container\">\n\t\t\t\t\t\t\t\t\t<p>Skannaus- ja mittaustekniikoilla voidaan tehostaa tuotantoa, varmistaa laatu ja l\u00f6yt\u00e4\u00e4 uusia tapoja s\u00e4\u00e4st\u00e4\u00e4 aikaa ja kustannuksia. T\u00e4ytt\u00e4m\u00e4ll\u00e4 lomakkeen saat meilt\u00e4 yhteydenoton, jossa kerromme k\u00e4yt\u00e4nn\u00f6n esimerkein, miten ratkaisut voidaan ottaa hy\u00f6tyk\u00e4ytt\u00f6\u00f6n juuri teid\u00e4n tuotannossanne.<\/p>\t\t\t\t\t\t\t\t<\/div>\n\t\t\t\t<\/div>\n\t\t\t\t<div class=\"elementor-element elementor-element-fbf382d elementor-widget elementor-widget-wpzoom-forms-widget-cpt\" data-id=\"fbf382d\" data-element_type=\"widget\" data-widget_type=\"wpzoom-forms-widget-cpt.default\">\n\t\t\t\t<div class=\"elementor-widget-container\">\n\t\t\t\t\t<style>#wpzf-7 + .notice { margin-top: 20px; padding: 15px; border-radius: 4px; }#wpzf-7 + .notice.success { background-color: #e7f7ed; color: #227045; border-left: 4px solid #46b450; }#wpzf-7 + .notice.error { background-color: #fde8e8; color: #8a1f11; border-left: 4px solid #cc0000; }#wpzf-7 + .notice p { margin: 0; }<\/style><!-- ZOOM Forms Start -->\n\t\t\t<form id=\"wpzf-7\" method=\"post\" action=\"https:\/\/zeverse.fi\/wp-admin\/admin-post.php\" class=\"wpzoom-forms_form\">\n\t\t\t<input type=\"hidden\" name=\"action\" value=\"wpzf_submit\" \/>\n\t\t\t<input type=\"hidden\" name=\"form_id\" value=\"7\" \/>\n\t\t\t<input type=\"hidden\" id=\"_wpnonce\" name=\"_wpnonce\" value=\"280fcdd2f1\" \/><input type=\"hidden\" name=\"_wp_http_referer\" value=\"\/index.php\/wp-json\/wp\/v2\/pages\/628\" \/>\n\t\t\t\n<div class=\"wp-block-wpzoom-forms-form\">\n<div class=\"wp-block-group\">\n<div class=\"wp-block-columns\">\n<div class=\"wp-block-column\" style=\"flex-basis:100%\">\n<label for=\"input_name\"><span>Yritys<\/span><sup class=\"wp-block-wpzoom-forms-required\">*<\/sup><\/label><input type=\"text\" name=\"wpzf_input_name\" id=\"input_name\" placeholder=\"\" required class=\"wp-block-wpzoom-forms-text-name-field\"\/>\n\n\n\n<label for=\"input_email\"><span>S\u00e4hk\u00f6posti<\/span><sup class=\"wp-block-wpzoom-forms-required\">*<\/sup><\/label><input type=\"email\" name=\"wpzf_input_email\" id=\"input_email\" placeholder=\"\" required data-replyto=\"true\" class=\"wp-block-wpzoom-forms-text-email-field\"\/>\n\n\n\n<label for=\"input_message\"><span>Viesti<\/span><sup class=\"wp-block-wpzoom-forms-required\">*<\/sup><\/label><textarea name=\"wpzf_input_message\" id=\"input_message\" cols=\"55\" rows=\"10\" placeholder=\"\" required class=\"wp-block-wpzoom-forms-textarea-field\"><\/textarea>\n<\/div>\n<\/div>\n\n\n\n<div class=\"wp-block-columns\">\n<div class=\"wp-block-column\" style=\"flex-basis:30%\">\n<input type=\"submit\" id=\"input_submit\" value=\"L\u00e4het\u00e4\" class=\"wp-block-wpzoom-forms-submit-field\"\/>\n<\/div>\n\n\n\n<div class=\"wp-block-column\" style=\"flex-basis:70%\">\n<p class=\"has-text-align-right\" style=\"font-size:16px\"><strong class=\"has-accent-color has-text-color\">*<\/strong> Vaaditut kent\u00e4t<\/p>\n<\/div>\n<\/div>\n<\/div>\n<\/div>\n\n\n\n<p><\/p>\n\n\t\t\t<input type=\"hidden\" name=\"wpzf_replyto\" value=\"wpzf_input_email\" \/><\/form>\n\t\t\t\n\t\t\t<!-- ZOOM Forms End -->\t\t\t\t<\/div>\n\t\t\t\t<\/div>\n\t\t\t\t<div class=\"elementor-element elementor-element-0f05b04 elementor-widget elementor-widget-heading\" data-id=\"0f05b04\" data-element_type=\"widget\" data-widget_type=\"heading.default\">\n\t\t\t\t<div class=\"elementor-widget-container\">\n\t\t\t\t\t<h3 class=\"elementor-heading-title elementor-size-default\"><strong>Zenex Computing Oy<\/strong><br>Vattuniemenkatu 13<br>00210, Helsinki<\/h3>\t\t\t\t<\/div>\n\t\t\t\t<\/div>\n\t\t\t\t\t<\/div>\n\t\t\t\t<\/div>\n\t\t\t\t<\/div>\n\t\t","protected":false},"excerpt":{"rendered":"<p>Ota Yhteytt\u00e4\u200b Skannaus- ja mittaustekniikoilla voidaan tehostaa tuotantoa, varmistaa laatu ja l\u00f6yt\u00e4\u00e4 uusia tapoja s\u00e4\u00e4st\u00e4\u00e4 aikaa ja kustannuksia. T\u00e4ytt\u00e4m\u00e4ll\u00e4 lomakkeen saat meilt\u00e4 yhteydenoton, jossa kerromme k\u00e4yt\u00e4nn\u00f6n esimerkein, miten ratkaisut voidaan ottaa hy\u00f6tyk\u00e4ytt\u00f6\u00f6n juuri teid\u00e4n tuotannossanne. Zenex Computing OyVattuniemenkatu 1300210, Helsinki<\/p>\n","protected":false},"author":1,"featured_media":0,"parent":0,"menu_order":0,"comment_status":"closed","ping_status":"closed","template":"page-templates\/full-width-no-title.php","meta":{"inspiro_page_layout":"narrow","inspiro_hide_title":false,"footnotes":""},"class_list":["post-628","page","type-page","status-publish","hentry"],"_links":{"self":[{"href":"https:\/\/zeverse.fi\/index.php\/wp-json\/wp\/v2\/pages\/628","targetHints":{"allow":["GET"]}}],"collection":[{"href":"https:\/\/zeverse.fi\/index.php\/wp-json\/wp\/v2\/pages"}],"about":[{"href":"https:\/\/zeverse.fi\/index.php\/wp-json\/wp\/v2\/types\/page"}],"author":[{"embeddable":true,"href":"https:\/\/zeverse.fi\/index.php\/wp-json\/wp\/v2\/users\/1"}],"replies":[{"embeddable":true,"href":"https:\/\/zeverse.fi\/index.php\/wp-json\/wp\/v2\/comments?post=628"}],"version-history":[{"count":70,"href":"https:\/\/zeverse.fi\/index.php\/wp-json\/wp\/v2\/pages\/628\/revisions"}],"predecessor-version":[{"id":6723,"href":"https:\/\/zeverse.fi\/index.php\/wp-json\/wp\/v2\/pages\/628\/revisions\/6723"}],"wp:attachment":[{"href":"https:\/\/zeverse.fi\/index.php\/wp-json\/wp\/v2\/media?parent=628"}],"curies":[{"name":"wp","href":"https:\/\/api.w.org\/{rel}","templated":true}]}}