{"id":5550,"date":"2016-12-03T15:08:37","date_gmt":"2016-12-03T15:08:37","guid":{"rendered":"https:\/\/zeverse.fi\/index.php\/homepage-inspiro\/"},"modified":"2025-09-12T15:18:24","modified_gmt":"2025-09-12T13:18:24","slug":"homepage-inspiro","status":"publish","type":"page","link":"https:\/\/zeverse.fi\/","title":{"rendered":"Etusivu"},"content":{"rendered":"\t\t<div data-elementor-type=\"wp-page\" data-elementor-id=\"5550\" class=\"elementor elementor-5550\">\n\t\t\t\t\t\t<section class=\"elementor-section elementor-top-section elementor-element elementor-element-3b0b7759 elementor-section-full_width elementor-section-height-default elementor-section-height-default\" data-id=\"3b0b7759\" data-element_type=\"section\">\n\t\t\t\t\t\t<div class=\"elementor-container elementor-column-gap-default\">\n\t\t\t\t\t<div class=\"elementor-column elementor-col-100 elementor-top-column elementor-element elementor-element-78326c39\" data-id=\"78326c39\" data-element_type=\"column\">\n\t\t\t<div class=\"elementor-widget-wrap elementor-element-populated\">\n\t\t\t\t\t\t<div class=\"elementor-element elementor-element-3308d046 elementor-widget elementor-widget-wpzoom-elementor-addons-slider-pro\" data-id=\"3308d046\" data-element_type=\"widget\" data-widget_type=\"wpzoom-elementor-addons-slider-pro.default\">\n\t\t\t\t<div class=\"elementor-widget-container\">\n\t\t\t\t\t\t\t\t<div id=\"slider\" class=\"flexslider\" data-posts=\"1\">\n\t\t\t\t<ul class=\"slides\">\n\t\t\t\t\t\t\t\t\t\t\t<li  data-formstone-options='{\"source\":{\"poster\":\"https:\\\/\\\/zeverse.fi\\\/wp-content\\\/uploads\\\/2015\\\/01\\\/banner-HX.jpg\",\"mp4\":\"https:\\\/\\\/zeverse.fi\\\/wp-content\\\/uploads\\\/2015\\\/01\\\/zeversebanner.mp4\"},\"mobileSource\":{\"poster\":\"\"},\"autoPlay\":true,\"mute\":true,\"loop\":true}'  >\n\n\t\t\t\t\t\t\t<div class=\"slide-background-overlay\"><\/div>\n\n                            \n                            <div class=\"li-wrap wpz-center-slider-wrap wpz--slider-wrap\">\n\n                                \n\t\t\t\t\t\t\t\t\t\t\t\t\t\t\t\t\t\t\t\t\t\t\t\t\t\t\t\t\n                                \n\t\t\t\t\t\t\t\t\t<div class=\"excerpt   \">\n<figure class=\"wp-block-image size-full is-resized\"><img decoding=\"async\" src=\"https:\/\/zeverse.fi\/wp-content\/uploads\/2015\/01\/koko_valkoinen.svg\" alt=\"\" class=\"wp-image-6307\" style=\"width:1200px;height:auto\"\/><\/figure>\n\n\n\n<p class=\"has-text-align-center has-large-font-size\">Skannauksen ja mittauksen ty\u00f6kalut ja ohjelmistot<\/p>\n\n\n\n<p><\/p>\n<\/div>\n\n\t\t\t\t\t\t\t\t                                                                                                    <a data-popup-type=\"iframe\" data-popup-video-options='{\"autoplay\":true,\"mute\":true,\"loop\":false}' class=\"popup-video animated slow pulse\" href=\"https:\/\/www.youtube.com\/watch?v=wp-QIx9m-CE\" aria-label=\"Watch Video\"><\/a>\n                                \n                                \n\t\t\t\t\t\t\t<\/div>\n\n\t\t\t\t\t\t\t\n\t\t\t\t\t\t\t\t<div class=\"background-video-buttons-wrapper\">\n\n\t\t\t\t\t\t\t\t\t\n\t\t\t\t\t\t\t\t\t\n\t\t\t\t\t\t\t\t<\/div>\n\t\t\t\t\t\t\t\t\t\t\t\t\t<\/li>\n\t\t\t\t\t\n\t\t\t\t<\/ul>\n\t\t\t\t\t\t\t\t\t<div id=\"scroll-to-content\" title=\"Scroll to Content\">\n\t\t\t\t\t\tScroll to Content\t\t\t\t\t<\/div>\n\t\t\t\t\t\t\t<\/div>\n\t\t\t\t\t\t<\/div>\n\t\t\t\t<\/div>\n\t\t\t\t\t<\/div>\n\t\t<\/div>\n\t\t\t\t\t<\/div>\n\t\t<\/section>\n\t\t<div class=\"elementor-element elementor-element-59e70ca e-flex e-con-boxed e-con e-parent\" data-id=\"59e70ca\" data-element_type=\"container\">\n\t\t\t\t\t<div class=\"e-con-inner\">\n\t\t\t\t<div class=\"elementor-element elementor-element-4f56211 elementor-widget elementor-widget-spacer\" data-id=\"4f56211\" data-element_type=\"widget\" data-widget_type=\"spacer.default\">\n\t\t\t\t<div class=\"elementor-widget-container\">\n\t\t\t\t\t\t\t<div class=\"elementor-spacer\">\n\t\t\t<div class=\"elementor-spacer-inner\"><\/div>\n\t\t<\/div>\n\t\t\t\t\t\t<\/div>\n\t\t\t\t<\/div>\n\t\t\t\t\t<\/div>\n\t\t\t\t<\/div>\n\t\t<div class=\"elementor-element elementor-element-ae3fe93 e-flex e-con-boxed e-con e-parent\" data-id=\"ae3fe93\" data-element_type=\"container\">\n\t\t\t\t\t<div class=\"e-con-inner\">\n\t\t\t\t<div class=\"elementor-element elementor-element-828b39f elementor-widget-divider--view-line elementor-widget elementor-widget-divider\" data-id=\"828b39f\" data-element_type=\"widget\" data-widget_type=\"divider.default\">\n\t\t\t\t<div class=\"elementor-widget-container\">\n\t\t\t\t\t\t\t<div class=\"elementor-divider\">\n\t\t\t<span class=\"elementor-divider-separator\">\n\t\t\t\t\t\t<\/span>\n\t\t<\/div>\n\t\t\t\t\t\t<\/div>\n\t\t\t\t<\/div>\n\t\t\t\t\t<\/div>\n\t\t\t\t<\/div>\n\t\t<div class=\"elementor-element elementor-element-2b0b1ac e-flex e-con-boxed e-con e-parent\" data-id=\"2b0b1ac\" data-element_type=\"container\">\n\t\t\t\t\t<div class=\"e-con-inner\">\n\t\t<div class=\"elementor-element elementor-element-ad5eb3e e-con-full e-flex e-con e-child\" data-id=\"ad5eb3e\" data-element_type=\"container\">\n\t\t\t\t<div class=\"elementor-element elementor-element-0bc593b elementor-widget elementor-widget-spacer\" data-id=\"0bc593b\" data-element_type=\"widget\" data-widget_type=\"spacer.default\">\n\t\t\t\t<div class=\"elementor-widget-container\">\n\t\t\t\t\t\t\t<div class=\"elementor-spacer\">\n\t\t\t<div class=\"elementor-spacer-inner\"><\/div>\n\t\t<\/div>\n\t\t\t\t\t\t<\/div>\n\t\t\t\t<\/div>\n\t\t\t\t<div class=\"elementor-element elementor-element-0f54052 elementor-widget elementor-widget-image\" data-id=\"0f54052\" data-element_type=\"widget\" data-widget_type=\"image.default\">\n\t\t\t\t<div class=\"elementor-widget-container\">\n\t\t\t\t\t\t\t\t\t\t\t\t\t\t\t<img fetchpriority=\"high\" decoding=\"async\" width=\"300\" height=\"300\" src=\"https:\/\/zeverse.fi\/wp-content\/uploads\/2025\/08\/hexagon_scanner_square-300x300.jpg\" class=\"attachment-medium size-medium wp-image-6624\" alt=\"\" srcset=\"https:\/\/zeverse.fi\/wp-content\/uploads\/2025\/08\/hexagon_scanner_square-300x300.jpg 300w, https:\/\/zeverse.fi\/wp-content\/uploads\/2025\/08\/hexagon_scanner_square-150x150.jpg 150w, https:\/\/zeverse.fi\/wp-content\/uploads\/2025\/08\/hexagon_scanner_square-768x768.jpg 768w, https:\/\/zeverse.fi\/wp-content\/uploads\/2025\/08\/hexagon_scanner_square-280x280.jpg 280w, https:\/\/zeverse.fi\/wp-content\/uploads\/2025\/08\/hexagon_scanner_square-560x560.jpg 560w, https:\/\/zeverse.fi\/wp-content\/uploads\/2025\/08\/hexagon_scanner_square-600x600.jpg 600w, https:\/\/zeverse.fi\/wp-content\/uploads\/2025\/08\/hexagon_scanner_square-800x800.jpg 800w, https:\/\/zeverse.fi\/wp-content\/uploads\/2025\/08\/hexagon_scanner_square.jpg 867w\" sizes=\"(max-width: 300px) 100vw, 300px\" \/>\t\t\t\t\t\t\t\t\t\t\t\t\t\t\t<\/div>\n\t\t\t\t<\/div>\n\t\t\t\t<\/div>\n\t\t<div class=\"elementor-element elementor-element-668814b e-con-full e-flex e-con e-child\" data-id=\"668814b\" data-element_type=\"container\">\n\t\t\t\t<div class=\"elementor-element elementor-element-e8a1ac4 elementor-widget elementor-widget-heading\" data-id=\"e8a1ac4\" data-element_type=\"widget\" data-widget_type=\"heading.default\">\n\t\t\t\t<div class=\"elementor-widget-container\">\n\t\t\t\t\t<h2 class=\"elementor-heading-title elementor-size-default\">Toimitamme skannaus- ja mittauslaitteet sek\u00e4 varmistamme niiden sujuvaa k\u00e4ytt\u00f6\u00f6nottoa tuotannossa<\/h2>\t\t\t\t<\/div>\n\t\t\t\t<\/div>\n\t\t\t\t<div class=\"elementor-element elementor-element-cd354c8 elementor-widget elementor-widget-text-editor\" data-id=\"cd354c8\" data-element_type=\"widget\" data-widget_type=\"text-editor.default\">\n\t\t\t\t<div class=\"elementor-widget-container\">\n\t\t\t\t\t\t\t\t\t<p>Skannaus ja mittaus ovat molemmat menetelmi\u00e4, miss\u00e4 tallennetaan tietoa fyysisist\u00e4 esineit\u00e4 digitaaliseen muotoon. Menetelmill\u00e4 on erilaiset vahvuudet, ja <strong>oikean ratkaisun valinta tuotannon ongelmiin voi olla ep\u00e4selv\u00e4<\/strong>. Lis\u00e4ksi skannaus- ja mittauslaitteita l\u00f6ytyy monia eri malleja, jotka k\u00e4ytt\u00e4v\u00e4t monia erillaisia teknisi\u00e4 menetelmi\u00e4 tallentamaan tietoa.<\/p><p><strong>Me autamme sinua l\u00f6yt\u00e4m\u00e4\u00e4n juuri oikean menetelm\u00e4n ja laitteen tuotantosi tarpeisiin<\/strong>. Poistamme kaikki ep\u00e4varmuuden liittyen menetelm\u00e4n sopivuudesta tekniseen ongelman ratkaisemiseen sek\u00e4 laitteen lopullisesta k\u00e4ytt\u00f6\u00f6notosta tuotannossa. Olemme tukena koko prosessin ajan, ongelmien m\u00e4\u00e4rittelyst\u00e4 ja laitteiden vertailusta aina toimivan teknisen ratkaisun toteutukseen.<\/p>\t\t\t\t\t\t\t\t<\/div>\n\t\t\t\t<\/div>\n\t\t\t\t<\/div>\n\t\t\t\t\t<\/div>\n\t\t\t\t<\/div>\n\t\t<div class=\"elementor-element elementor-element-c71a3d5 e-flex e-con-boxed e-con e-parent\" data-id=\"c71a3d5\" data-element_type=\"container\">\n\t\t\t\t\t<div class=\"e-con-inner\">\n\t\t<div class=\"elementor-element elementor-element-e8612be e-con-full e-flex e-con e-child\" data-id=\"e8612be\" data-element_type=\"container\">\n\t\t\t\t<div class=\"elementor-element elementor-element-10469ee elementor-widget elementor-widget-heading\" data-id=\"10469ee\" data-element_type=\"widget\" data-widget_type=\"heading.default\">\n\t\t\t\t<div class=\"elementor-widget-container\">\n\t\t\t\t\t<h2 class=\"elementor-heading-title elementor-size-default\">Skannauksen ja mittauksen tarve kasvaa Suomen teollisessa tuotannossa<\/h2>\t\t\t\t<\/div>\n\t\t\t\t<\/div>\n\t\t\t\t<div class=\"elementor-element elementor-element-1294598 elementor-widget elementor-widget-text-editor\" data-id=\"1294598\" data-element_type=\"widget\" data-widget_type=\"text-editor.default\">\n\t\t\t\t<div class=\"elementor-widget-container\">\n\t\t\t\t\t\t\t\t\t<p>Teollisuuden kasvaessa my\u00f6s tarkkuuden tarve kasvaa. Skannaus- ja mittausratkaisut tuovat tuotantoon laatua, tehokkuutta ja varmuutta, mill\u00e4 pysyy kilpailukykyisen\u00e4 globaalisessa markinnassa. Ymm\u00e4rt\u00e4m\u00e4ll\u00e4, mihin skannaus soveltuu parhaiten ja miss\u00e4 mittaus tuottaa hy\u00f6dyllisemp\u00e4\u00e4 tietoa, voidaan saada molemmista menetelmist\u00e4 paras mahdollinen lopputulos.<\/p><p>Skannauksen avulla voidaan hahmottaa kokonaisuus nopeasti, kun taas mittaus tuo esiin kriittiset yksityiskohdat ja varmistaa tarkkuuden. N\u00e4it\u00e4 menetelmi\u00e4 yhdistelem\u00e4ll\u00e4 tuotanto saa sek\u00e4 laajuutta ett\u00e4 luotettavuutta, joka on juuri mik\u00e4 nykyaikaiset teolliset tuotantoprosessit tarvitsevat pysym\u00e4\u00e4n kilpailukykyisen\u00e4.<\/p><p>T\u00e4st\u00e4 sivustosta voitte tutustua sek\u00e4 skannaukseen ett\u00e4 mittaukseen ja miten n\u00e4m\u00e4 menetelm\u00e4t ratkaisevat erillaisia teknisi\u00e4 ongelmia. Jos tulee kysymyksi\u00e4 eteen tai jos kaipaa enemm\u00e4n tietoa laitteista ja menetelmist\u00e4, ota meihin yhteytt\u00e4!<\/p>\t\t\t\t\t\t\t\t<\/div>\n\t\t\t\t<\/div>\n\t\t\t\t<div class=\"elementor-element elementor-element-bcfa45c elementor-align-center elementor-widget elementor-widget-button\" data-id=\"bcfa45c\" data-element_type=\"widget\" data-widget_type=\"button.default\">\n\t\t\t\t<div class=\"elementor-widget-container\">\n\t\t\t\t\t\t\t\t\t<div class=\"elementor-button-wrapper\">\n\t\t\t\t\t<a class=\"elementor-button elementor-button-link elementor-size-sm\" href=\"https:\/\/zeverse.fi\/index.php\/otayhteytta\/\">\n\t\t\t\t\t\t<span class=\"elementor-button-content-wrapper\">\n\t\t\t\t\t\t\t\t\t<span class=\"elementor-button-text\">Ota yhteytt\u00e4<\/span>\n\t\t\t\t\t<\/span>\n\t\t\t\t\t<\/a>\n\t\t\t\t<\/div>\n\t\t\t\t\t\t\t\t<\/div>\n\t\t\t\t<\/div>\n\t\t\t\t<\/div>\n\t\t<div class=\"elementor-element elementor-element-4169819 e-con-full e-flex e-con e-child\" data-id=\"4169819\" data-element_type=\"container\">\n\t\t\t\t<div class=\"elementor-element elementor-element-de030fe elementor-widget elementor-widget-spacer\" data-id=\"de030fe\" data-element_type=\"widget\" data-widget_type=\"spacer.default\">\n\t\t\t\t<div class=\"elementor-widget-container\">\n\t\t\t\t\t\t\t<div class=\"elementor-spacer\">\n\t\t\t<div class=\"elementor-spacer-inner\"><\/div>\n\t\t<\/div>\n\t\t\t\t\t\t<\/div>\n\t\t\t\t<\/div>\n\t\t\t\t<div class=\"elementor-element elementor-element-1d24d7f elementor-widget elementor-widget-image\" data-id=\"1d24d7f\" data-element_type=\"widget\" data-widget_type=\"image.default\">\n\t\t\t\t<div class=\"elementor-widget-container\">\n\t\t\t\t\t\t\t\t\t\t\t\t\t\t\t<img decoding=\"async\" width=\"252\" height=\"448\" src=\"https:\/\/zeverse.fi\/wp-content\/uploads\/2024\/03\/kaanteismallennus_25151.png\" class=\"attachment-2048x2048 size-2048x2048 wp-image-6363\" alt=\"\" srcset=\"https:\/\/zeverse.fi\/wp-content\/uploads\/2024\/03\/kaanteismallennus_25151.png 252w, https:\/\/zeverse.fi\/wp-content\/uploads\/2024\/03\/kaanteismallennus_25151-169x300.png 169w\" sizes=\"(max-width: 252px) 100vw, 252px\" \/>\t\t\t\t\t\t\t\t\t\t\t\t\t\t\t<\/div>\n\t\t\t\t<\/div>\n\t\t\t\t<\/div>\n\t\t\t\t\t<\/div>\n\t\t\t\t<\/div>\n\t\t<div class=\"elementor-element elementor-element-6c553f6 e-flex e-con-boxed e-con e-parent\" data-id=\"6c553f6\" data-element_type=\"container\">\n\t\t\t\t\t<div class=\"e-con-inner\">\n\t\t\t\t<div class=\"elementor-element elementor-element-a54b822 elementor-widget-divider--view-line elementor-widget elementor-widget-divider\" data-id=\"a54b822\" data-element_type=\"widget\" data-widget_type=\"divider.default\">\n\t\t\t\t<div class=\"elementor-widget-container\">\n\t\t\t\t\t\t\t<div class=\"elementor-divider\">\n\t\t\t<span class=\"elementor-divider-separator\">\n\t\t\t\t\t\t<\/span>\n\t\t<\/div>\n\t\t\t\t\t\t<\/div>\n\t\t\t\t<\/div>\n\t\t\t\t\t<\/div>\n\t\t\t\t<\/div>\n\t\t<div class=\"elementor-element elementor-element-737a828 e-flex e-con-boxed e-con e-parent\" data-id=\"737a828\" data-element_type=\"container\" data-settings=\"{&quot;background_background&quot;:&quot;classic&quot;}\">\n\t\t\t\t\t<div class=\"e-con-inner\">\n\t\t<div class=\"elementor-element elementor-element-b416cf5 e-con-full e-flex e-con e-child\" data-id=\"b416cf5\" data-element_type=\"container\">\n\t\t\t\t<div class=\"elementor-element elementor-element-b687dd7 elementor-widget elementor-widget-spacer\" data-id=\"b687dd7\" data-element_type=\"widget\" data-widget_type=\"spacer.default\">\n\t\t\t\t<div class=\"elementor-widget-container\">\n\t\t\t\t\t\t\t<div class=\"elementor-spacer\">\n\t\t\t<div class=\"elementor-spacer-inner\"><\/div>\n\t\t<\/div>\n\t\t\t\t\t\t<\/div>\n\t\t\t\t<\/div>\n\t\t\t\t<div class=\"elementor-element elementor-element-949eff6 elementor-widget elementor-widget-heading\" data-id=\"949eff6\" data-element_type=\"widget\" data-widget_type=\"heading.default\">\n\t\t\t\t<div class=\"elementor-widget-container\">\n\t\t\t\t\t<h2 class=\"elementor-heading-title elementor-size-default\">Aina kehityksen k\u00e4rjess\u00e4<\/h2>\t\t\t\t<\/div>\n\t\t\t\t<\/div>\n\t\t\t\t<div class=\"elementor-element elementor-element-bdb4bd1 elementor-widget elementor-widget-text-editor\" data-id=\"bdb4bd1\" data-element_type=\"widget\" data-widget_type=\"text-editor.default\">\n\t\t\t\t<div class=\"elementor-widget-container\">\n\t\t\t\t\t\t\t\t\t<p>Klikkaa Toista-nappulaa katsomaan meid\u00e4n tuottama video, miss\u00e4 me suunnitellaan ja valmistetaan yhteisty\u00f6ss\u00e4 yritysasiakkaan kanssa toimistollemme puisen p\u00f6yd\u00e4n, mihin on koneistettu kolmiulotteinen kartta Lauttasaaresta.<\/p>\t\t\t\t\t\t\t\t<\/div>\n\t\t\t\t<\/div>\n\t\t\t\t<\/div>\n\t\t<div class=\"elementor-element elementor-element-81b3693 e-con-full e-flex e-con e-child\" data-id=\"81b3693\" data-element_type=\"container\">\n\t\t\t\t<div class=\"elementor-element elementor-element-816c59d elementor-widget elementor-widget-spacer\" data-id=\"816c59d\" data-element_type=\"widget\" data-widget_type=\"spacer.default\">\n\t\t\t\t<div class=\"elementor-widget-container\">\n\t\t\t\t\t\t\t<div class=\"elementor-spacer\">\n\t\t\t<div class=\"elementor-spacer-inner\"><\/div>\n\t\t<\/div>\n\t\t\t\t\t\t<\/div>\n\t\t\t\t<\/div>\n\t\t\t\t<div class=\"elementor-element elementor-element-c46bf4a elementor-widget elementor-widget-video\" data-id=\"c46bf4a\" data-element_type=\"widget\" data-settings=\"{&quot;youtube_url&quot;:&quot;https:\\\/\\\/www.youtube.com\\\/watch?v=s-YXRq8748c&quot;,&quot;show_image_overlay&quot;:&quot;yes&quot;,&quot;image_overlay&quot;:{&quot;url&quot;:&quot;https:\\\/\\\/zeverse.fi\\\/wp-content\\\/uploads\\\/2021\\\/09\\\/blank.gif&quot;,&quot;id&quot;:&quot;6055&quot;,&quot;size&quot;:&quot;&quot;},&quot;lightbox&quot;:&quot;yes&quot;,&quot;video_type&quot;:&quot;youtube&quot;,&quot;controls&quot;:&quot;yes&quot;}\" data-widget_type=\"video.default\">\n\t\t\t\t<div class=\"elementor-widget-container\">\n\t\t\t\t\t\t\t<div class=\"elementor-wrapper elementor-open-lightbox\">\n\t\t\t\t\t\t\t<div class=\"elementor-custom-embed-image-overlay\" data-elementor-open-lightbox=\"yes\" data-elementor-lightbox=\"{&quot;type&quot;:&quot;video&quot;,&quot;videoType&quot;:&quot;youtube&quot;,&quot;url&quot;:&quot;https:\\\/\\\/www.youtube.com\\\/embed\\\/s-YXRq8748c?feature=oembed&amp;start&amp;end&amp;wmode=opaque&amp;loop=0&amp;controls=1&amp;mute=0&amp;rel=0&amp;cc_load_policy=0&quot;,&quot;autoplay&quot;:&quot;&quot;,&quot;modalOptions&quot;:{&quot;id&quot;:&quot;elementor-lightbox-c46bf4a&quot;,&quot;entranceAnimation&quot;:&quot;&quot;,&quot;entranceAnimation_tablet&quot;:&quot;&quot;,&quot;entranceAnimation_mobile&quot;:&quot;&quot;,&quot;videoAspectRatio&quot;:&quot;169&quot;}}\" data-e-action-hash=\"#elementor-action%3Aaction%3Dlightbox%26settings%3DeyJ0eXBlIjoidmlkZW8iLCJ2aWRlb1R5cGUiOiJ5b3V0dWJlIiwidXJsIjoiaHR0cHM6XC9cL3d3dy55b3V0dWJlLmNvbVwvZW1iZWRcL3MtWVhScTg3NDhjP2ZlYXR1cmU9b2VtYmVkJnN0YXJ0JmVuZCZ3bW9kZT1vcGFxdWUmbG9vcD0wJmNvbnRyb2xzPTEmbXV0ZT0wJnJlbD0wJmNjX2xvYWRfcG9saWN5PTAiLCJhdXRvcGxheSI6IiIsIm1vZGFsT3B0aW9ucyI6eyJpZCI6ImVsZW1lbnRvci1saWdodGJveC1jNDZiZjRhIiwiZW50cmFuY2VBbmltYXRpb24iOiIiLCJlbnRyYW5jZUFuaW1hdGlvbl90YWJsZXQiOiIiLCJlbnRyYW5jZUFuaW1hdGlvbl9tb2JpbGUiOiIiLCJ2aWRlb0FzcGVjdFJhdGlvIjoiMTY5In19\">\n\t\t\t\t\t\t\t\t\t\t\t<img decoding=\"async\" width=\"1\" height=\"1\" src=\"https:\/\/zeverse.fi\/wp-content\/uploads\/2021\/09\/blank.gif\" class=\"attachment-medium_large size-medium_large wp-image-6055\" alt=\"\" \/>\t\t\t\t\t\t\t\t\t\t\t\t\t\t\t\t<div class=\"elementor-custom-embed-play\" role=\"button\" aria-label=\"Katso video\" tabindex=\"0\">\n\t\t\t\t\t\t\t<svg aria-hidden=\"true\" class=\"e-font-icon-svg e-eicon-play\" viewBox=\"0 0 1000 1000\" xmlns=\"http:\/\/www.w3.org\/2000\/svg\"><path d=\"M838 162C746 71 633 25 500 25 371 25 258 71 163 162 71 254 25 367 25 500 25 633 71 746 163 837 254 929 367 979 500 979 633 979 746 933 838 837 929 746 975 633 975 500 975 367 929 254 838 162M808 192C892 279 933 379 933 500 933 621 892 725 808 808 725 892 621 938 500 938 379 938 279 896 196 808 113 725 67 621 67 500 67 379 108 279 196 192 279 108 383 62 500 62 621 62 721 108 808 192M438 392V642L642 517 438 392Z\"><\/path><\/svg>\t\t\t\t\t\t<\/div>\n\t\t\t\t\t\t\t\t\t<\/div>\n\t\t\t\t\t<\/div>\n\t\t\t\t\t\t<\/div>\n\t\t\t\t<\/div>\n\t\t\t\t<\/div>\n\t\t<div class=\"elementor-element elementor-element-1eb572b e-con-full e-flex e-con e-child\" data-id=\"1eb572b\" data-element_type=\"container\">\n\t\t\t\t<div class=\"elementor-element elementor-element-5332c45 elementor-widget elementor-widget-spacer\" data-id=\"5332c45\" data-element_type=\"widget\" data-widget_type=\"spacer.default\">\n\t\t\t\t<div class=\"elementor-widget-container\">\n\t\t\t\t\t\t\t<div class=\"elementor-spacer\">\n\t\t\t<div class=\"elementor-spacer-inner\"><\/div>\n\t\t<\/div>\n\t\t\t\t\t\t<\/div>\n\t\t\t\t<\/div>\n\t\t\t\t<div class=\"elementor-element elementor-element-90334c7 elementor-widget elementor-widget-image\" data-id=\"90334c7\" data-element_type=\"widget\" data-widget_type=\"image.default\">\n\t\t\t\t<div class=\"elementor-widget-container\">\n\t\t\t\t\t\t\t\t\t\t\t\t\t\t\t<img loading=\"lazy\" decoding=\"async\" width=\"1024\" height=\"565\" src=\"https:\/\/zeverse.fi\/wp-content\/uploads\/2023\/12\/poyta2-1024x565.png\" class=\"attachment-large size-large wp-image-6155\" alt=\"\" srcset=\"https:\/\/zeverse.fi\/wp-content\/uploads\/2023\/12\/poyta2-1024x565.png 1024w, https:\/\/zeverse.fi\/wp-content\/uploads\/2023\/12\/poyta2-300x165.png 300w, https:\/\/zeverse.fi\/wp-content\/uploads\/2023\/12\/poyta2-768x423.png 768w, https:\/\/zeverse.fi\/wp-content\/uploads\/2023\/12\/poyta2-1536x847.png 1536w, https:\/\/zeverse.fi\/wp-content\/uploads\/2023\/12\/poyta2-1000x551.png 1000w, https:\/\/zeverse.fi\/wp-content\/uploads\/2023\/12\/poyta2-1800x992.png 1800w, https:\/\/zeverse.fi\/wp-content\/uploads\/2023\/12\/poyta2-1016x560.png 1016w, https:\/\/zeverse.fi\/wp-content\/uploads\/2023\/12\/poyta2-600x331.png 600w, https:\/\/zeverse.fi\/wp-content\/uploads\/2023\/12\/poyta2.png 1908w\" sizes=\"(max-width: 1024px) 100vw, 1024px\" \/>\t\t\t\t\t\t\t\t\t\t\t\t\t\t\t<\/div>\n\t\t\t\t<\/div>\n\t\t\t\t<div class=\"elementor-element elementor-element-32e8ab5 elementor-widget elementor-widget-spacer\" data-id=\"32e8ab5\" data-element_type=\"widget\" data-widget_type=\"spacer.default\">\n\t\t\t\t<div class=\"elementor-widget-container\">\n\t\t\t\t\t\t\t<div class=\"elementor-spacer\">\n\t\t\t<div class=\"elementor-spacer-inner\"><\/div>\n\t\t<\/div>\n\t\t\t\t\t\t<\/div>\n\t\t\t\t<\/div>\n\t\t\t\t<\/div>\n\t\t\t\t\t<\/div>\n\t\t\t\t<\/div>\n\t\t\t\t<\/div>\n\t\t","protected":false},"excerpt":{"rendered":"<p>Skannauksen ja mittauksen ty\u00f6kalut ja ohjelmistot Scroll to Content Toimitamme skannaus- ja mittauslaitteet sek\u00e4 varmistamme niiden sujuvaa k\u00e4ytt\u00f6\u00f6nottoa tuotannossa Skannaus ja mittaus ovat molemmat menetelmi\u00e4, miss\u00e4 tallennetaan tietoa fyysisist\u00e4 esineit\u00e4 digitaaliseen muotoon. Menetelmill\u00e4 on erilaiset vahvuudet, ja oikean ratkaisun valinta tuotannon ongelmiin voi olla ep\u00e4selv\u00e4. Lis\u00e4ksi skannaus- ja mittauslaitteita l\u00f6ytyy monia eri malleja, jotka k\u00e4ytt\u00e4v\u00e4t monia erillaisia teknisi\u00e4 menetelmi\u00e4 tallentamaan tietoa. Me autamme sinua l\u00f6yt\u00e4m\u00e4\u00e4n juuri oikean menetelm\u00e4n ja laitteen tuotantosi tarpeisiin. Poistamme kaikki ep\u00e4varmuuden [&hellip;]<\/p>\n","protected":false},"author":1,"featured_media":0,"parent":0,"menu_order":0,"comment_status":"closed","ping_status":"closed","template":"page-templates\/full-width-transparent.php","meta":{"inspiro_page_layout":"narrow","inspiro_hide_title":false,"footnotes":""},"class_list":["post-5550","page","type-page","status-publish","hentry"],"_links":{"self":[{"href":"https:\/\/zeverse.fi\/index.php\/wp-json\/wp\/v2\/pages\/5550","targetHints":{"allow":["GET"]}}],"collection":[{"href":"https:\/\/zeverse.fi\/index.php\/wp-json\/wp\/v2\/pages"}],"about":[{"href":"https:\/\/zeverse.fi\/index.php\/wp-json\/wp\/v2\/types\/page"}],"author":[{"embeddable":true,"href":"https:\/\/zeverse.fi\/index.php\/wp-json\/wp\/v2\/users\/1"}],"replies":[{"embeddable":true,"href":"https:\/\/zeverse.fi\/index.php\/wp-json\/wp\/v2\/comments?post=5550"}],"version-history":[{"count":79,"href":"https:\/\/zeverse.fi\/index.php\/wp-json\/wp\/v2\/pages\/5550\/revisions"}],"predecessor-version":[{"id":6727,"href":"https:\/\/zeverse.fi\/index.php\/wp-json\/wp\/v2\/pages\/5550\/revisions\/6727"}],"wp:attachment":[{"href":"https:\/\/zeverse.fi\/index.php\/wp-json\/wp\/v2\/media?parent=5550"}],"curies":[{"name":"wp","href":"https:\/\/api.w.org\/{rel}","templated":true}]}}